{"id":43888,"date":"2025-08-20T16:14:40","date_gmt":"2025-08-20T14:14:40","guid":{"rendered":"https:\/\/www.plenussupermercados.es\/\/test-idioma-2\/"},"modified":"2025-08-20T16:22:42","modified_gmt":"2025-08-20T14:22:42","slug":"test-idioma-2","status":"publish","type":"page","link":"https:\/\/www.plenussupermercados.es\/gl\/test-idioma-2\/","title":{"rendered":"Test idioma 2"},"content":{"rendered":"\t\t<div data-elementor-type=\"wp-page\" data-elementor-id=\"43888\" class=\"elementor elementor-43888\" data-elementor-post-type=\"page\">\n\t\t\t\t\t\t<section class=\"elementor-section elementor-top-section elementor-element elementor-element-c8b498e elementor-section-boxed elementor-section-height-default elementor-section-height-default\" data-id=\"c8b498e\" data-element_type=\"section\" data-e-type=\"section\">\n\t\t\t\t\t\t<div class=\"elementor-container elementor-column-gap-default\">\n\t\t\t\t\t<div class=\"elementor-column elementor-col-100 elementor-top-column elementor-element elementor-element-f5f8430\" data-id=\"f5f8430\" data-element_type=\"column\" data-e-type=\"column\">\n\t\t\t<div class=\"elementor-widget-wrap elementor-element-populated\">\n\t\t\t\t\t\t<div class=\"elementor-element elementor-element-288107b elementor-widget elementor-widget-image\" data-id=\"288107b\" data-element_type=\"widget\" data-e-type=\"widget\" data-widget_type=\"image.default\">\n\t\t\t\t<div class=\"elementor-widget-container\">\n\t\t\t\t\t\t\t\t\t\t\t\t\t\t\t<img fetchpriority=\"high\" decoding=\"async\" width=\"544\" height=\"375\" src=\"https:\/\/www.plenussupermercados.es\/wp-content\/uploads\/2025\/08\/Hoxediade_CentroJamonCOREN_22-23.jpg\" class=\"attachment-large size-large wp-image-43860\" alt=\"\" srcset=\"https:\/\/www.plenussupermercados.es\/wp-content\/uploads\/2025\/08\/Hoxediade_CentroJamonCOREN_22-23.jpg 544w, https:\/\/www.plenussupermercados.es\/wp-content\/uploads\/2025\/08\/Hoxediade_CentroJamonCOREN_22-23-300x207.jpg 300w\" sizes=\"(max-width: 544px) 100vw, 544px\" \/>\t\t\t\t\t\t\t\t\t\t\t\t\t\t\t<\/div>\n\t\t\t\t<\/div>\n\t\t\t\t<div class=\"elementor-element elementor-element-82038a3 elementor-widget elementor-widget-heading\" data-id=\"82038a3\" data-element_type=\"widget\" data-e-type=\"widget\" data-widget_type=\"heading.default\">\n\t\t\t\t<div class=\"elementor-widget-container\">\n\t\t\t\t\t<h2 class=\"elementor-heading-title elementor-size-default\">isto \u00e9 xam\u00f3n<\/h2>\t\t\t\t<\/div>\n\t\t\t\t<\/div>\n\t\t\t\t<div class=\"elementor-element elementor-element-093302c elementor-widget elementor-widget-text-editor\" data-id=\"093302c\" data-element_type=\"widget\" data-e-type=\"widget\" data-widget_type=\"text-editor.default\">\n\t\t\t\t<div class=\"elementor-widget-container\">\n\t\t\t\t\t\t\t\t\t<p>todo isto \u00e9 sobre o xam\u00f3n<\/p>\n\t\t\t\t\t\t\t\t<\/div>\n\t\t\t\t<\/div>\n\t\t\t\t<div class=\"elementor-element elementor-element-7c588e6 elementor-widget elementor-widget-image\" data-id=\"7c588e6\" data-element_type=\"widget\" data-e-type=\"widget\" data-widget_type=\"image.default\">\n\t\t\t\t<div class=\"elementor-widget-container\">\n\t\t\t\t\t\t\t\t\t\t\t\t\t\t\t<img decoding=\"async\" width=\"544\" height=\"375\" src=\"https:\/\/www.plenussupermercados.es\/wp-content\/uploads\/2025\/08\/Hoxediade_Praguayo_22-23.jpg\" class=\"attachment-large size-large wp-image-43851\" alt=\"\" srcset=\"https:\/\/www.plenussupermercados.es\/wp-content\/uploads\/2025\/08\/Hoxediade_Praguayo_22-23.jpg 544w, https:\/\/www.plenussupermercados.es\/wp-content\/uploads\/2025\/08\/Hoxediade_Praguayo_22-23-300x207.jpg 300w\" sizes=\"(max-width: 544px) 100vw, 544px\" \/>\t\t\t\t\t\t\t\t\t\t\t\t\t\t\t<\/div>\n\t\t\t\t<\/div>\n\t\t\t\t<div class=\"elementor-element elementor-element-6dd1618 elementor-widget elementor-widget-heading\" data-id=\"6dd1618\" data-element_type=\"widget\" data-e-type=\"widget\" data-widget_type=\"heading.default\">\n\t\t\t\t<div class=\"elementor-widget-container\">\n\t\t\t\t\t<h2 class=\"elementor-heading-title elementor-size-default\">paraguaio<\/h2>\t\t\t\t<\/div>\n\t\t\t\t<\/div>\n\t\t\t\t<div class=\"elementor-element elementor-element-4228dd2 elementor-widget elementor-widget-text-editor\" data-id=\"4228dd2\" data-element_type=\"widget\" data-e-type=\"widget\" data-widget_type=\"text-editor.default\">\n\t\t\t\t<div class=\"elementor-widget-container\">\n\t\t\t\t\t\t\t\t\t<p>isto \u00e9 sobre o paraguaio<\/p>\n\t\t\t\t\t\t\t\t<\/div>\n\t\t\t\t<\/div>\n\t\t\t\t<div class=\"elementor-element elementor-element-f9f6ac1 elementor-widget elementor-widget-image\" data-id=\"f9f6ac1\" data-element_type=\"widget\" data-e-type=\"widget\" data-widget_type=\"image.default\">\n\t\t\t\t<div class=\"elementor-widget-container\">\n\t\t\t\t\t\t\t\t\t\t\t\t\t\t\t<img decoding=\"async\" width=\"544\" height=\"375\" src=\"https:\/\/www.plenussupermercados.es\/wp-content\/uploads\/2025\/08\/Hoxediade_Ciruelaoja_18-19.jpg\" class=\"attachment-large size-large wp-image-43811\" alt=\"\" srcset=\"https:\/\/www.plenussupermercados.es\/wp-content\/uploads\/2025\/08\/Hoxediade_Ciruelaoja_18-19.jpg 544w, https:\/\/www.plenussupermercados.es\/wp-content\/uploads\/2025\/08\/Hoxediade_Ciruelaoja_18-19-300x207.jpg 300w\" sizes=\"(max-width: 544px) 100vw, 544px\" \/>\t\t\t\t\t\t\t\t\t\t\t\t\t\t\t<\/div>\n\t\t\t\t<\/div>\n\t\t\t\t<div class=\"elementor-element elementor-element-b1675a2 elementor-widget elementor-widget-heading\" data-id=\"b1675a2\" data-element_type=\"widget\" data-e-type=\"widget\" data-widget_type=\"heading.default\">\n\t\t\t\t<div class=\"elementor-widget-container\">\n\t\t\t\t\t<h2 class=\"elementor-heading-title elementor-size-default\">cereixa<\/h2>\t\t\t\t<\/div>\n\t\t\t\t<\/div>\n\t\t\t\t\t<\/div>\n\t\t<\/div>\n\t\t\t\t\t<\/div>\n\t\t<\/section>\n\t\t\t\t<\/div>\n\t\t","protected":false},"excerpt":{"rendered":"<p>isto \u00e9 xam\u00f3n todo isto \u00e9 sobre o xam\u00f3n paraguaio isto \u00e9 sobre o paraguaio cereixa<\/p>\n","protected":false},"author":2,"featured_media":0,"parent":0,"menu_order":0,"comment_status":"closed","ping_status":"closed","template":"","meta":{"_acf_changed":false,"wprm-recipe-roundup-name":"","wprm-recipe-roundup-description":"","footnotes":""},"class_list":["post-43888","page","type-page","status-publish","hentry"],"acf":[],"yoast_head":"<!-- This site is optimized with the Yoast SEO plugin v27.5 - https:\/\/yoast.com\/product\/yoast-seo-wordpress\/ -->\n<title>Test idioma 2 - Supermercados Plenus<\/title>\n<meta name=\"robots\" content=\"index, follow, max-snippet:-1, max-image-preview:large, max-video-preview:-1\" \/>\n<link rel=\"canonical\" href=\"https:\/\/www.plenussupermercados.es\/gl\/test-idioma-2\/\" \/>\n<meta property=\"og:locale\" content=\"gl_ES\" \/>\n<meta property=\"og:type\" content=\"article\" \/>\n<meta property=\"og:title\" content=\"Test idioma 2 - Supermercados Plenus\" \/>\n<meta property=\"og:description\" content=\"isto \u00e9 xam\u00f3n todo isto \u00e9 sobre o xam\u00f3n paraguaio isto \u00e9 sobre o paraguaio cereixa\" \/>\n<meta property=\"og:url\" content=\"https:\/\/www.plenussupermercados.es\/gl\/test-idioma-2\/\" \/>\n<meta property=\"og:site_name\" content=\"Supermercados Plenus\" \/>\n<meta property=\"article:modified_time\" content=\"2025-08-20T14:22:42+00:00\" \/>\n<meta property=\"og:image\" content=\"https:\/\/www.plenussupermercados.es\/\/wp-content\/uploads\/2025\/08\/Hoxediade_CentroJamonCOREN_22-23.jpg\" \/>\n<meta name=\"twitter:card\" content=\"summary_large_image\" \/>\n<meta name=\"twitter:label1\" content=\"Tempo de lectura\" \/>\n\t<meta name=\"twitter:data1\" content=\"1 minuto\" \/>\n<script type=\"application\/ld+json\" class=\"yoast-schema-graph\">{\"@context\":\"https:\\\/\\\/schema.org\",\"@graph\":[{\"@type\":\"WebPage\",\"@id\":\"https:\\\/\\\/www.plenussupermercados.es\\\/gl\\\/test-idioma-2\\\/\",\"url\":\"https:\\\/\\\/www.plenussupermercados.es\\\/gl\\\/test-idioma-2\\\/\",\"name\":\"Test idioma 2 - Supermercados Plenus\",\"isPartOf\":{\"@id\":\"https:\\\/\\\/www.plenussupermercados.es\\\/gl\\\/#website\"},\"primaryImageOfPage\":{\"@id\":\"https:\\\/\\\/www.plenussupermercados.es\\\/gl\\\/test-idioma-2\\\/#primaryimage\"},\"image\":{\"@id\":\"https:\\\/\\\/www.plenussupermercados.es\\\/gl\\\/test-idioma-2\\\/#primaryimage\"},\"thumbnailUrl\":\"https:\\\/\\\/www.plenussupermercados.es\\\/\\\/wp-content\\\/uploads\\\/2025\\\/08\\\/Hoxediade_CentroJamonCOREN_22-23.jpg\",\"datePublished\":\"2025-08-20T14:14:40+00:00\",\"dateModified\":\"2025-08-20T14:22:42+00:00\",\"breadcrumb\":{\"@id\":\"https:\\\/\\\/www.plenussupermercados.es\\\/gl\\\/test-idioma-2\\\/#breadcrumb\"},\"inLanguage\":\"gl-ES\",\"potentialAction\":[{\"@type\":\"ReadAction\",\"target\":[\"https:\\\/\\\/www.plenussupermercados.es\\\/gl\\\/test-idioma-2\\\/\"]}]},{\"@type\":\"ImageObject\",\"inLanguage\":\"gl-ES\",\"@id\":\"https:\\\/\\\/www.plenussupermercados.es\\\/gl\\\/test-idioma-2\\\/#primaryimage\",\"url\":\"https:\\\/\\\/www.plenussupermercados.es\\\/\\\/wp-content\\\/uploads\\\/2025\\\/08\\\/Hoxediade_CentroJamonCOREN_22-23.jpg\",\"contentUrl\":\"https:\\\/\\\/www.plenussupermercados.es\\\/\\\/wp-content\\\/uploads\\\/2025\\\/08\\\/Hoxediade_CentroJamonCOREN_22-23.jpg\"},{\"@type\":\"BreadcrumbList\",\"@id\":\"https:\\\/\\\/www.plenussupermercados.es\\\/gl\\\/test-idioma-2\\\/#breadcrumb\",\"itemListElement\":[{\"@type\":\"ListItem\",\"position\":1,\"name\":\"Portada\",\"item\":\"https:\\\/\\\/www.plenussupermercados.es\\\/gl\\\/\"},{\"@type\":\"ListItem\",\"position\":2,\"name\":\"Test idioma 2\"}]},{\"@type\":\"WebSite\",\"@id\":\"https:\\\/\\\/www.plenussupermercados.es\\\/gl\\\/#website\",\"url\":\"https:\\\/\\\/www.plenussupermercados.es\\\/gl\\\/\",\"name\":\"Supermercados Plenus\",\"description\":\"\",\"publisher\":{\"@id\":\"https:\\\/\\\/www.plenussupermercados.es\\\/gl\\\/#organization\"},\"potentialAction\":[{\"@type\":\"SearchAction\",\"target\":{\"@type\":\"EntryPoint\",\"urlTemplate\":\"https:\\\/\\\/www.plenussupermercados.es\\\/gl\\\/?s={search_term_string}\"},\"query-input\":{\"@type\":\"PropertyValueSpecification\",\"valueRequired\":true,\"valueName\":\"search_term_string\"}}],\"inLanguage\":\"gl-ES\"},{\"@type\":\"Organization\",\"@id\":\"https:\\\/\\\/www.plenussupermercados.es\\\/gl\\\/#organization\",\"name\":\"Supermercados Plenus\",\"url\":\"https:\\\/\\\/www.plenussupermercados.es\\\/gl\\\/\",\"logo\":{\"@type\":\"ImageObject\",\"inLanguage\":\"gl-ES\",\"@id\":\"https:\\\/\\\/www.plenussupermercados.es\\\/gl\\\/#\\\/schema\\\/logo\\\/image\\\/\",\"url\":\"https:\\\/\\\/www.plenussupermercados.es\\\/wp-content\\\/uploads\\\/2024\\\/01\\\/logo-plenus-supermercados.png\",\"contentUrl\":\"https:\\\/\\\/www.plenussupermercados.es\\\/wp-content\\\/uploads\\\/2024\\\/01\\\/logo-plenus-supermercados.png\",\"width\":232,\"height\":57,\"caption\":\"Supermercados Plenus\"},\"image\":{\"@id\":\"https:\\\/\\\/www.plenussupermercados.es\\\/gl\\\/#\\\/schema\\\/logo\\\/image\\\/\"}}]}<\/script>\n<!-- \/ Yoast SEO plugin. -->","yoast_head_json":{"title":"Test idioma 2 - Supermercados Plenus","robots":{"index":"index","follow":"follow","max-snippet":"max-snippet:-1","max-image-preview":"max-image-preview:large","max-video-preview":"max-video-preview:-1"},"canonical":"https:\/\/www.plenussupermercados.es\/gl\/test-idioma-2\/","og_locale":"gl_ES","og_type":"article","og_title":"Test idioma 2 - Supermercados Plenus","og_description":"isto \u00e9 xam\u00f3n todo isto \u00e9 sobre o xam\u00f3n paraguaio isto \u00e9 sobre o paraguaio cereixa","og_url":"https:\/\/www.plenussupermercados.es\/gl\/test-idioma-2\/","og_site_name":"Supermercados Plenus","article_modified_time":"2025-08-20T14:22:42+00:00","og_image":[{"url":"https:\/\/www.plenussupermercados.es\/\/wp-content\/uploads\/2025\/08\/Hoxediade_CentroJamonCOREN_22-23.jpg","type":"","width":"","height":""}],"twitter_card":"summary_large_image","twitter_misc":{"Tempo de lectura":"1 minuto"},"schema":{"@context":"https:\/\/schema.org","@graph":[{"@type":"WebPage","@id":"https:\/\/www.plenussupermercados.es\/gl\/test-idioma-2\/","url":"https:\/\/www.plenussupermercados.es\/gl\/test-idioma-2\/","name":"Test idioma 2 - Supermercados Plenus","isPartOf":{"@id":"https:\/\/www.plenussupermercados.es\/gl\/#website"},"primaryImageOfPage":{"@id":"https:\/\/www.plenussupermercados.es\/gl\/test-idioma-2\/#primaryimage"},"image":{"@id":"https:\/\/www.plenussupermercados.es\/gl\/test-idioma-2\/#primaryimage"},"thumbnailUrl":"https:\/\/www.plenussupermercados.es\/\/wp-content\/uploads\/2025\/08\/Hoxediade_CentroJamonCOREN_22-23.jpg","datePublished":"2025-08-20T14:14:40+00:00","dateModified":"2025-08-20T14:22:42+00:00","breadcrumb":{"@id":"https:\/\/www.plenussupermercados.es\/gl\/test-idioma-2\/#breadcrumb"},"inLanguage":"gl-ES","potentialAction":[{"@type":"ReadAction","target":["https:\/\/www.plenussupermercados.es\/gl\/test-idioma-2\/"]}]},{"@type":"ImageObject","inLanguage":"gl-ES","@id":"https:\/\/www.plenussupermercados.es\/gl\/test-idioma-2\/#primaryimage","url":"https:\/\/www.plenussupermercados.es\/\/wp-content\/uploads\/2025\/08\/Hoxediade_CentroJamonCOREN_22-23.jpg","contentUrl":"https:\/\/www.plenussupermercados.es\/\/wp-content\/uploads\/2025\/08\/Hoxediade_CentroJamonCOREN_22-23.jpg"},{"@type":"BreadcrumbList","@id":"https:\/\/www.plenussupermercados.es\/gl\/test-idioma-2\/#breadcrumb","itemListElement":[{"@type":"ListItem","position":1,"name":"Portada","item":"https:\/\/www.plenussupermercados.es\/gl\/"},{"@type":"ListItem","position":2,"name":"Test idioma 2"}]},{"@type":"WebSite","@id":"https:\/\/www.plenussupermercados.es\/gl\/#website","url":"https:\/\/www.plenussupermercados.es\/gl\/","name":"Supermercados Plenus","description":"","publisher":{"@id":"https:\/\/www.plenussupermercados.es\/gl\/#organization"},"potentialAction":[{"@type":"SearchAction","target":{"@type":"EntryPoint","urlTemplate":"https:\/\/www.plenussupermercados.es\/gl\/?s={search_term_string}"},"query-input":{"@type":"PropertyValueSpecification","valueRequired":true,"valueName":"search_term_string"}}],"inLanguage":"gl-ES"},{"@type":"Organization","@id":"https:\/\/www.plenussupermercados.es\/gl\/#organization","name":"Supermercados Plenus","url":"https:\/\/www.plenussupermercados.es\/gl\/","logo":{"@type":"ImageObject","inLanguage":"gl-ES","@id":"https:\/\/www.plenussupermercados.es\/gl\/#\/schema\/logo\/image\/","url":"https:\/\/www.plenussupermercados.es\/wp-content\/uploads\/2024\/01\/logo-plenus-supermercados.png","contentUrl":"https:\/\/www.plenussupermercados.es\/wp-content\/uploads\/2024\/01\/logo-plenus-supermercados.png","width":232,"height":57,"caption":"Supermercados Plenus"},"image":{"@id":"https:\/\/www.plenussupermercados.es\/gl\/#\/schema\/logo\/image\/"}}]}},"_links":{"self":[{"href":"https:\/\/www.plenussupermercados.es\/gl\/wp-json\/wp\/v2\/pages\/43888","targetHints":{"allow":["GET"]}}],"collection":[{"href":"https:\/\/www.plenussupermercados.es\/gl\/wp-json\/wp\/v2\/pages"}],"about":[{"href":"https:\/\/www.plenussupermercados.es\/gl\/wp-json\/wp\/v2\/types\/page"}],"author":[{"embeddable":true,"href":"https:\/\/www.plenussupermercados.es\/gl\/wp-json\/wp\/v2\/users\/2"}],"replies":[{"embeddable":true,"href":"https:\/\/www.plenussupermercados.es\/gl\/wp-json\/wp\/v2\/comments?post=43888"}],"version-history":[{"count":12,"href":"https:\/\/www.plenussupermercados.es\/gl\/wp-json\/wp\/v2\/pages\/43888\/revisions"}],"predecessor-version":[{"id":43906,"href":"https:\/\/www.plenussupermercados.es\/gl\/wp-json\/wp\/v2\/pages\/43888\/revisions\/43906"}],"wp:attachment":[{"href":"https:\/\/www.plenussupermercados.es\/gl\/wp-json\/wp\/v2\/media?parent=43888"}],"curies":[{"name":"wp","href":"https:\/\/api.w.org\/{rel}","templated":true}]}}